{"id":8217,"date":"2019-05-11T15:35:01","date_gmt":"2019-05-11T18:35:01","guid":{"rendered":"https:\/\/enricomarone.com\/videos\/"},"modified":"2019-05-24T18:58:35","modified_gmt":"2019-05-24T21:58:35","slug":"videos","status":"publish","type":"page","link":"https:\/\/enricomarone.com\/pt-br\/videos\/","title":{"rendered":"V\u00eddeos"},"content":{"rendered":"<div  class=\"one withsmallpadding ppb_header \" style=\"text-align:left;padding:30px 0 30px 0;\" >\n<div class=\"standard_wrapper\">\n<div class=\"page_content_wrapper\">\n<div class=\"inner\">\n<div style=\"margin:auto;width:100%\">\n<h2 class=\"ppb_title\" style=\"\">A\u00e9reas | Amaz\u00f4nia Atl\u00e2ntica<\/h2>\n<hr class=\"title_break left\" style=\"\"\/>\n<div class=\"ppb_header_content\">\n<p>Imagens a\u00e9reas do litoral norte do Brasil mostram as reentr\u00e2ncias paraenses, onde a maior \u00e1rea cont\u00ednua de manguezais do planeta exerce um papel fundamental nas mudan\u00e7as clim\u00e1ticas globais e na manuten\u00e7\u00e3o das popula\u00e7\u00f5es tradicionais de pescadores que ali vivem.<\/p>\n<\/div>\n<\/div>\n<\/div>\n<\/div>\n<\/div>\n<\/div>\n<div  class=\"one withsmallpadding ppb_header \" style=\"text-align:left;padding:30px 0 30px 0;\" >\n<div class=\"standard_wrapper\">\n<div class=\"page_content_wrapper\">\n<div class=\"inner\">\n<div style=\"margin:auto;width:100%\">\n<h2 class=\"ppb_title\" style=\"\">A\u00e9reas | Amaz\u00f4nia Atl\u00e2ntica<\/h2>\n<hr class=\"title_break left\" style=\"\"\/>\n<div class=\"ppb_header_content\">\n<p>Imagens a\u00e9reas do litoral norte do Brasil mostram as reentr\u00e2ncias paraenses, onde a maior \u00e1rea cont\u00ednua de manguezais do planeta exerce um papel fundamental nas mudan\u00e7as clim\u00e1ticas globais e na manuten\u00e7\u00e3o das popula\u00e7\u00f5es tradicionais de pescadores que ali vivem.<\/p>\n<\/div>\n<\/div>\n<\/div>\n<\/div>\n<\/div>\n<\/div>\n<div  class=\"one withsmallpadding ppb_text\" style=\"padding:30px 0 30px 0;\" >\n<div class=\"standard_wrapper\">\n<div class=\"page_content_wrapper\">\n<div class=\"inner\">\n<div style=\"margin:auto;width:100%\">\n<div class=\"video-container\"><iframe loading=\"lazy\" title=\"YouTube video player\" width=\"\" height=\"\" src=\"https:\/\/www.youtube.com\/embed\/2arUDgidbAE?theme=dark&#038;rel=0&#038;wmode=transparent\" frameborder=\"0\" allowfullscreen><\/iframe><\/div>\n<\/div>\n<\/div>\n<\/div>\n<\/div>\n<\/div>\n<div  class=\"one withsmallpadding ppb_text\" style=\"padding:30px 0 30px 0;\" >\n<div class=\"standard_wrapper\">\n<div class=\"page_content_wrapper\">\n<div class=\"inner\">\n<div style=\"margin:auto;width:100%\">\n<div class=\"video-container\"><iframe loading=\"lazy\" title=\"YouTube video player\" width=\"\" height=\"\" src=\"https:\/\/www.youtube.com\/embed\/2arUDgidbAE?theme=dark&#038;rel=0&#038;wmode=transparent\" frameborder=\"0\" allowfullscreen><\/iframe><\/div>\n<\/div>\n<\/div>\n<\/div>\n<\/div>\n<\/div>\n<div  class=\"one withsmallpadding ppb_header \" style=\"text-align:left;padding:30px 0 30px 0;\" >\n<div class=\"standard_wrapper\">\n<div class=\"page_content_wrapper\">\n<div class=\"inner\">\n<div style=\"margin:auto;width:100%\">\n<h2 class=\"ppb_title\" style=\"\">Uma Gota no Xingu<\/h2>\n<hr class=\"title_break left\" style=\"\"\/>\n<div class=\"ppb_header_content\">\n<p>Em 2011, o Movimento Gota d&#8217;\u00c1gua foi uma campanha para envolver a sociedade brasileira na discuss\u00e3o do planejamento energ\u00e9tico do Brasil. O document\u00e1rio, produzido com apoio do Instituto Socioambiental e Cinedelia, mostra o impacto e as v\u00edtimas da constru\u00e7\u00e3o da usina hidrel\u00e9trica de Belo Monte na volta grande do rio Xingu, no Par\u00e1.<\/p>\n<\/div>\n<\/div>\n<\/div>\n<\/div>\n<\/div>\n<\/div>\n<div  class=\"one withsmallpadding ppb_header \" style=\"text-align:left;padding:30px 0 30px 0;\" >\n<div class=\"standard_wrapper\">\n<div class=\"page_content_wrapper\">\n<div class=\"inner\">\n<div style=\"margin:auto;width:100%\">\n<h2 class=\"ppb_title\" style=\"\">Uma Gota no Xingu<\/h2>\n<hr class=\"title_break left\" style=\"\"\/>\n<div class=\"ppb_header_content\">\n<p>Em 2011, o Movimento Gota d&#8217;\u00c1gua foi uma campanha para envolver a sociedade brasileira na discuss\u00e3o do planejamento energ\u00e9tico do Brasil. O document\u00e1rio, produzido com apoio do Instituto Socioambiental e Cinedelia, mostra o impacto e as v\u00edtimas da constru\u00e7\u00e3o da usina hidrel\u00e9trica de Belo Monte na volta grande do rio Xingu, no Par\u00e1.<\/p>\n<\/div>\n<\/div>\n<\/div>\n<\/div>\n<\/div>\n<\/div>\n<div  class=\"one withsmallpadding ppb_text\" style=\"padding:30px 0 30px 0;\" >\n<div class=\"standard_wrapper\">\n<div class=\"page_content_wrapper\">\n<div class=\"inner\">\n<div style=\"margin:auto;width:100%\">\n<div class=\"video-container\"><iframe loading=\"lazy\" title=\"YouTube video player\" width=\"\" height=\"\" src=\"https:\/\/www.youtube.com\/embed\/8v1ECHwniMY?theme=dark&#038;rel=0&#038;wmode=transparent\" frameborder=\"0\" allowfullscreen><\/iframe><\/div>\n<\/div>\n<\/div>\n<\/div>\n<\/div>\n<\/div>\n<div  class=\"one withsmallpadding ppb_text\" style=\"padding:30px 0 30px 0;\" >\n<div class=\"standard_wrapper\">\n<div class=\"page_content_wrapper\">\n<div class=\"inner\">\n<div style=\"margin:auto;width:100%\">\n<div class=\"video-container\"><iframe loading=\"lazy\" title=\"YouTube video player\" width=\"\" height=\"\" src=\"https:\/\/www.youtube.com\/embed\/8v1ECHwniMY?theme=dark&#038;rel=0&#038;wmode=transparent\" frameborder=\"0\" allowfullscreen><\/iframe><\/div>\n<\/div>\n<\/div>\n<\/div>\n<\/div>\n<\/div>\n<div  class=\"one withsmallpadding ppb_header \" style=\"text-align:left;padding:30px 0 30px 0;\" >\n<div class=\"standard_wrapper\">\n<div class=\"page_content_wrapper\">\n<div class=\"inner\">\n<div style=\"margin:auto;width:100%\">\n<h2 class=\"ppb_title\" style=\"\">S\u00e9rie Interven\u00e7\u00f5es Urbanas<\/h2>\n<hr class=\"title_break left\" style=\"\"\/>\n<div class=\"ppb_header_content\">\n<p>Produzido para o Canal Futura, a s\u00e9rie mostra depoimentos e hist\u00f3rias de artistas e coletivos sobre os movimentos art\u00edsticos contempor\u00e2neos, a partir da \u00f3tica das interven\u00e7\u00f5es urbanas nas cidades de S\u00e3o Paulo e Rio de Janeiro.<\/p>\n<\/div>\n<\/div>\n<\/div>\n<\/div>\n<\/div>\n<\/div>\n<div  class=\"one withsmallpadding ppb_header \" style=\"text-align:left;padding:30px 0 30px 0;\" >\n<div class=\"standard_wrapper\">\n<div class=\"page_content_wrapper\">\n<div class=\"inner\">\n<div style=\"margin:auto;width:100%\">\n<h2 class=\"ppb_title\" style=\"\">S\u00e9rie Interven\u00e7\u00f5es Urbanas<\/h2>\n<hr class=\"title_break left\" style=\"\"\/>\n<div class=\"ppb_header_content\">\n<p>Produzido para o Canal Futura, a s\u00e9rie mostra depoimentos e hist\u00f3rias de artistas e coletivos sobre os movimentos art\u00edsticos contempor\u00e2neos, a partir da \u00f3tica das interven\u00e7\u00f5es urbanas nas cidades de S\u00e3o Paulo e Rio de Janeiro.<\/p>\n<\/div>\n<\/div>\n<\/div>\n<\/div>\n<\/div>\n<\/div>\n<div  class=\"one withsmallpadding ppb_text\" style=\"padding:30px 0 30px 0;\" >\n<div class=\"standard_wrapper\">\n<div class=\"page_content_wrapper\">\n<div class=\"inner\">\n<div style=\"margin:auto;width:100%\">\n<div class=\"one_half \" style=\"\">\n<div class=\"video-container\"><iframe loading=\"lazy\" title=\"YouTube video player\" width=\"\" height=\"\" src=\"https:\/\/www.youtube.com\/embed\/DT5yl6ah_Ts?theme=dark&#038;rel=0&#038;wmode=transparent\" frameborder=\"0\" allowfullscreen><\/iframe><\/div>\n<\/div>\n<div class=\"one_half last \" style=\"\">\n<div class=\"video-container\"><iframe loading=\"lazy\" title=\"YouTube video player\" width=\"\" height=\"\" src=\"https:\/\/www.youtube.com\/embed\/7HBM1-MPUP0?theme=dark&#038;rel=0&#038;wmode=transparent\" frameborder=\"0\" allowfullscreen><\/iframe><\/div>\n<\/div>\n<p><br class=\"clear\"\/><br \/>\n<\/br><\/p>\n<div class=\"one_half \" style=\"\">\n<div class=\"video-container\"><iframe loading=\"lazy\" title=\"YouTube video player\" width=\"\" height=\"\" src=\"https:\/\/www.youtube.com\/embed\/pfvZJhcOX2o?theme=dark&#038;rel=0&#038;wmode=transparent\" frameborder=\"0\" allowfullscreen><\/iframe><\/div>\n<\/div>\n<div class=\"one_half last \" style=\"\">\n<div class=\"video-container\"><iframe loading=\"lazy\" title=\"YouTube video player\" width=\"\" height=\"\" src=\"https:\/\/www.youtube.com\/embed\/9Zol3zBhIhI?theme=dark&#038;rel=0&#038;wmode=transparent\" frameborder=\"0\" allowfullscreen><\/iframe><\/div>\n<\/div>\n<p><br class=\"clear\"\/><\/p>\n<\/div>\n<\/div>\n<\/div>\n<\/div>\n<\/div>\n<div  class=\"one withsmallpadding ppb_text\" style=\"padding:30px 0 30px 0;\" >\n<div class=\"standard_wrapper\">\n<div class=\"page_content_wrapper\">\n<div class=\"inner\">\n<div style=\"margin:auto;width:100%\">\n<div class=\"one_half \" style=\"\">\n<div class=\"video-container\"><iframe loading=\"lazy\" title=\"YouTube video player\" width=\"\" height=\"\" src=\"https:\/\/www.youtube.com\/embed\/DT5yl6ah_Ts?theme=dark&#038;rel=0&#038;wmode=transparent\" frameborder=\"0\" allowfullscreen><\/iframe><\/div>\n<\/div>\n<div class=\"one_half last \" style=\"\">\n<div class=\"video-container\"><iframe loading=\"lazy\" title=\"YouTube video player\" width=\"\" height=\"\" src=\"https:\/\/www.youtube.com\/embed\/7HBM1-MPUP0?theme=dark&#038;rel=0&#038;wmode=transparent\" frameborder=\"0\" allowfullscreen><\/iframe><\/div>\n<\/div>\n<p><br class=\"clear\"\/><br \/>\n<\/br><\/p>\n<div class=\"one_half \" style=\"\">\n<div class=\"video-container\"><iframe loading=\"lazy\" title=\"YouTube video player\" width=\"\" height=\"\" src=\"https:\/\/www.youtube.com\/embed\/pfvZJhcOX2o?theme=dark&#038;rel=0&#038;wmode=transparent\" frameborder=\"0\" allowfullscreen><\/iframe><\/div>\n<\/div>\n<div class=\"one_half last \" style=\"\">\n<div class=\"video-container\"><iframe loading=\"lazy\" title=\"YouTube video player\" width=\"\" height=\"\" src=\"https:\/\/www.youtube.com\/embed\/9Zol3zBhIhI?theme=dark&#038;rel=0&#038;wmode=transparent\" frameborder=\"0\" allowfullscreen><\/iframe><\/div>\n<\/div>\n<p><br class=\"clear\"\/><\/p>\n<\/div>\n<\/div>\n<\/div>\n<\/div>\n<\/div>\n","protected":false},"excerpt":{"rendered":"","protected":false},"author":1,"featured_media":0,"parent":0,"menu_order":0,"comment_status":"closed","ping_status":"closed","template":"","meta":{"footnotes":""},"class_list":["post-8217","page","type-page","status-publish","hentry"],"_links":{"self":[{"href":"https:\/\/enricomarone.com\/pt-br\/wp-json\/wp\/v2\/pages\/8217","targetHints":{"allow":["GET"]}}],"collection":[{"href":"https:\/\/enricomarone.com\/pt-br\/wp-json\/wp\/v2\/pages"}],"about":[{"href":"https:\/\/enricomarone.com\/pt-br\/wp-json\/wp\/v2\/types\/page"}],"author":[{"embeddable":true,"href":"https:\/\/enricomarone.com\/pt-br\/wp-json\/wp\/v2\/users\/1"}],"replies":[{"embeddable":true,"href":"https:\/\/enricomarone.com\/pt-br\/wp-json\/wp\/v2\/comments?post=8217"}],"version-history":[{"count":5,"href":"https:\/\/enricomarone.com\/pt-br\/wp-json\/wp\/v2\/pages\/8217\/revisions"}],"predecessor-version":[{"id":8742,"href":"https:\/\/enricomarone.com\/pt-br\/wp-json\/wp\/v2\/pages\/8217\/revisions\/8742"}],"wp:attachment":[{"href":"https:\/\/enricomarone.com\/pt-br\/wp-json\/wp\/v2\/media?parent=8217"}],"curies":[{"name":"wp","href":"https:\/\/api.w.org\/{rel}","templated":true}]}}