{"id":8894,"date":"2019-04-29T01:53:11","date_gmt":"2019-04-29T04:53:11","guid":{"rendered":"https:\/\/enricomarone.com\/about\/"},"modified":"2019-06-04T18:35:56","modified_gmt":"2019-06-04T21:35:56","slug":"sobre","status":"publish","type":"page","link":"https:\/\/enricomarone.com\/pt-br\/sobre\/","title":{"rendered":"Sobre"},"content":{"rendered":"<div class=\"divider one\">&nbsp;<\/div>\n<div class=\"divider one\">&nbsp;<\/div>\n<div class=\"standard_wrapper\">\n<div  class=\"one\" style=\"img {   width: 100%;   height: auto; }padding:20px 0 20px 0;\" >\n<div class=\"page_content_wrapper\">\n<div class=\"inner\">\n<div class=\"one_half grid4\">\n<div class=\"image_classic_frame expand\">\n<div class=\"image_wrapper\"><img decoding=\"async\" src=\"https:\/\/enricomarone.com\/wp-content\/uploads\/2019\/06\/O1A8361-1.jpg\" alt=\"Enrico Marone\" class=\"preview\"\/><\/div>\n<\/div>\n<\/div>\n<div class=\"one_half last grid4\">\n<div class=\"image_classic_frame expand\">\n<div class=\"image_wrapper\"><img decoding=\"async\" src=\"https:\/\/enricomarone.com\/wp-content\/uploads\/2019\/06\/DSC00346-1.jpg\" alt=\"Enrico Marone\" class=\"preview\"\/><\/div>\n<\/div>\n<\/div>\n<p><br class=\"clear\"\/><\/p>\n<div class=\"one_half grid4\">\n<div class=\"image_classic_frame expand\">\n<div class=\"image_wrapper\"><img decoding=\"async\" src=\"https:\/\/enricomarone.com\/wp-content\/uploads\/2019\/06\/FullSizeRender-3-1.jpg\" alt=\"Enrico Marone\" class=\"preview\"\/><\/div>\n<\/div>\n<\/div>\n<div class=\"one_half last grid4\">\n<div class=\"image_classic_frame expand\">\n<div class=\"image_wrapper\"><img decoding=\"async\" src=\"https:\/\/enricomarone.com\/wp-content\/uploads\/2019\/06\/IMG_5162-1.jpg\" alt=\"Enrico Marone\" class=\"preview\"\/><\/div>\n<\/div>\n<\/div>\n<\/div>\n<\/div>\n<\/div>\n<\/div>\n<div  class=\"one withsmallpadding ppb_header \" style=\"padding-bottom: 0px !important;text-align:center;padding:0px 0 0px 0;\" >\n<div class=\"standard_wrapper\">\n<div class=\"page_content_wrapper\">\n<div class=\"inner\">\n<div style=\"margin:auto;width:50%\">\n<div class=\"ppb_subtitle\" style=\"\">FOT\u00d3GRAFO | DOCUMENTARISTA | OCEAN\u00d3LOGO | MERGULHADOR<\/div>\n<h2 class=\"ppb_title\" style=\"\">Enrico Marone<\/h2>\n<\/div>\n<\/div>\n<\/div>\n<\/div>\n<\/div>\n<div class=\"divider one\">&nbsp;<\/div>\n<div  class=\"one withsmallpadding ppb_header \" style=\"text-align:left;padding:30px 0 30px 0;\" >\n<div class=\"standard_wrapper\">\n<div class=\"page_content_wrapper\">\n<div class=\"inner\">\n<div style=\"margin:auto;width:100%\">\n<hr class=\"title_break left\" style=\"\"\/>\n<div class=\"ppb_header_content\">\n<div class=\"one_half \" style=\"\">Fot\u00f3grafo, documentarista, ocean\u00f3logo e mergulhador, Enrico Marone captura imagens e hist\u00f3rias de diferentes paisagens e culturas para inspirar as pessoas a perceberem sua rela\u00e7\u00e3o com a natureza e a import\u00e2ncia da conserva\u00e7\u00e3o dos patrim\u00f4nios naturais e culturais.<\/p>\n<p><span lang=\"PT-BR\">Com um olhar documental e art\u00edstico, Marone \u00e9 reconhecido pelo registro de imagens \u00fanicas de popula\u00e7\u00f5es tradicionais costeiras, ribeirinhas e ind\u00edgenas, seus saberes tradicionais, os ecossistemas que habitam, as \u00e1reas protegidas e a biodiversidade em suas m\u00faltiplas formas. Entusiasta do audiovisual, ministra cursos e utiliza suas lentes para mostrar, denunciar e motivar as pessoas a olhar e valorizar o nosso planeta.<\/span><\/p>\n<p>Autodidata desde a d\u00e9cada de 90, Marone encontrou no mar sua primeira inspira\u00e7\u00e3o para a fotografia de natureza, entendendo a rela\u00e7\u00e3o ancestral do homem com os oceanos. Desde ent\u00e3o, comp\u00f4s um amplo acervo de imagens do Brasil e do mundo, com expedi\u00e7\u00f5es fotogr\u00e1ficas a pa\u00edses da Am\u00e9rica Latina, \u00c1frica, \u00c1sia e \u00e0 Ant\u00e1rtica.<\/p>\n<\/div>\n<div class=\"one_half last \" style=\"\">Em 2010, publicou seu primeiro livro autoral: Brasil Atl\u00e2ntico &#8211; um Pa\u00eds com a Raiz na Mata, acompanhado de artigos de especialistas em temas costeiros. Realizou a edi\u00e7\u00e3o fotogr\u00e1fica e iconogr\u00e1fica das publica\u00e7\u00f5es Biomas Brasileiros &#8211; Retratos de um Pa\u00eds Plural e Mata Atl\u00e2ntica &#8211; Uma Hist\u00f3ria do Futuro, ambas ganhadoras do Pr\u00eamio Jabuti, em parceria com a Conserva\u00e7\u00e3o Internacional.<\/p>\n<p>Com imagens em dezenas de livros de arte e publica\u00e7\u00f5es t\u00e9cnicas de institui\u00e7\u00f5es como UNESCO, IUCN, Minist\u00e9rio do Meio Ambiente, Ibama, ICMBio, Conserva\u00e7\u00e3o Internacional, The Nature Conservancy (TNC), Rare e SOS Mata Atl\u00e2ntica, Marone tamb\u00e9m \u00e9 colaborador de sites, jornais e revistas como National Geographic, Scientific American, Horizonte Geogr\u00e1fico e O Eco.<\/p>\n<p>Nascido em S\u00e3o Paulo (SP) em 1974, Enrico Marone atua no terceiro setor para promover a conserva\u00e7\u00e3o marinha no Brasil e no mundo.<\/p>\n<\/div>\n<p><br class=\"clear\"\/><\/p>\n<\/div>\n<\/div>\n<\/div>\n<\/div>\n<\/div>\n<\/div>\n","protected":false},"excerpt":{"rendered":"","protected":false},"author":1,"featured_media":7161,"parent":0,"menu_order":0,"comment_status":"closed","ping_status":"closed","template":"","meta":{"footnotes":""},"class_list":["post-8894","page","type-page","status-publish","has-post-thumbnail","hentry"],"_links":{"self":[{"href":"https:\/\/enricomarone.com\/pt-br\/wp-json\/wp\/v2\/pages\/8894","targetHints":{"allow":["GET"]}}],"collection":[{"href":"https:\/\/enricomarone.com\/pt-br\/wp-json\/wp\/v2\/pages"}],"about":[{"href":"https:\/\/enricomarone.com\/pt-br\/wp-json\/wp\/v2\/types\/page"}],"author":[{"embeddable":true,"href":"https:\/\/enricomarone.com\/pt-br\/wp-json\/wp\/v2\/users\/1"}],"replies":[{"embeddable":true,"href":"https:\/\/enricomarone.com\/pt-br\/wp-json\/wp\/v2\/comments?post=8894"}],"version-history":[{"count":14,"href":"https:\/\/enricomarone.com\/pt-br\/wp-json\/wp\/v2\/pages\/8894\/revisions"}],"predecessor-version":[{"id":8916,"href":"https:\/\/enricomarone.com\/pt-br\/wp-json\/wp\/v2\/pages\/8894\/revisions\/8916"}],"wp:featuredmedia":[{"embeddable":true,"href":"https:\/\/enricomarone.com\/pt-br\/wp-json\/wp\/v2\/media\/7161"}],"wp:attachment":[{"href":"https:\/\/enricomarone.com\/pt-br\/wp-json\/wp\/v2\/media?parent=8894"}],"curies":[{"name":"wp","href":"https:\/\/api.w.org\/{rel}","templated":true}]}}