{"id":9199,"date":"2019-06-07T12:58:07","date_gmt":"2019-06-07T15:58:07","guid":{"rendered":"https:\/\/enricomarone.com\/books\/"},"modified":"2019-06-07T23:17:43","modified_gmt":"2019-06-08T02:17:43","slug":"books","status":"publish","type":"page","link":"https:\/\/enricomarone.com\/pt-br\/books\/","title":{"rendered":"Livros"},"content":{"rendered":"<div  class=\"one\" style=\"padding:0px 0 0px 0;\" >\n<div class=\"standard_wrapper\">\n<div class=\"page_content_wrapper\">\n<div class=\"inner\">\n<div class=\"one_half content_middle textright\">\n<div class=\"ppb_subtitle\" style=\"\">EDITORA MAR DE IDEIAS | IBio, 2010<\/div>\n<h2 class=\"ppb_title\" style=\"\">BRASIL ATL\u00c2NTICO \u2013 UM PA\u00cdS COM A RAIZ NA MATA<\/h2>\n<hr class=\"title_break\">\n<div class=\"ppb_header_content\">\n<p>Livro ilustrado com fotografias feitas por Enrico Marone ao longo do litoral brasileiro, o livro re\u00fane em 9 cap\u00edtulos a contribui\u00e7\u00e3o de diversos autores da \u00e1rea socioambiental e econ\u00f4mica e traz informa\u00e7\u00f5es cient\u00edficas e hist\u00f3ricas, acompanhadas de reflex\u00f5es contempor\u00e2neas sobre os processos de ocupa\u00e7\u00e3o, desenvolvimento e conserva\u00e7\u00e3o da Mata Atl\u00e2ntica e da costa brasileira.<\/p>\n<\/div>\n<div style=\"margin-top:20px\">\n<p><p style=\"font-weight: inherit; font-style: inherit;\"><a style=\"font-weight: inherit; font-style: inherit; color: #222222;\" href=\"https:\/\/enricomarone.com\/pt-br\/contact\/\"><strong>ENTRE EM CONTATO PARA ADQUIRIR UMA C\u00d3PIA<\/strong><\/a><\/p>\n<\/div>\n<p>\u00a0<\/p>\n<p><img decoding=\"async\" src=\"https:\/\/enricomarone.com\/wp-content\/uploads\/2019\/04\/enricomarone.png\" alt=\"\"\/>\n<\/p>\n<\/div>\n<div class=\"one_half last\"><\/div>\n<p><br class=\"clear\"\/><\/div>\n<\/div>\n<\/div>\n<\/div>\n<div  class=\"one\" style=\"padding:0px 0 0px 0;\" >\n<div class=\"standard_wrapper\">\n<div class=\"page_content_wrapper\">\n<div class=\"inner\">\n<div class=\"one_half content_middle textright\">\n<div class=\"ppb_subtitle\" style=\"\">EDITORA MAR DE IDEIAS | IBio, 2010<\/div>\n<h2 class=\"ppb_title\" style=\"\">BRASIL ATL\u00c2NTICO \u2013 UM PA\u00cdS COM A RAIZ NA MATA<\/h2>\n<hr class=\"title_break\">\n<div class=\"ppb_header_content\">\n<p>Livro ilustrado com fotografias feitas por Enrico Marone ao longo do litoral brasileiro, o livro re\u00fane em 9 cap\u00edtulos a contribui\u00e7\u00e3o de diversos autores da \u00e1rea socioambiental e econ\u00f4mica e traz informa\u00e7\u00f5es cient\u00edficas e hist\u00f3ricas, acompanhadas de reflex\u00f5es contempor\u00e2neas sobre os processos de ocupa\u00e7\u00e3o, desenvolvimento e conserva\u00e7\u00e3o da Mata Atl\u00e2ntica e da costa brasileira.<\/p>\n<\/div>\n<div style=\"margin-top:20px\">\n<p><p style=\"font-weight: inherit; font-style: inherit;\"><a style=\"font-weight: inherit; font-style: inherit; color: #222222;\" href=\"https:\/\/enricomarone.com\/pt-br\/contact\/\"><strong>ENTRE EM CONTATO PARA ADQUIRIR UMA C\u00d3PIA<\/strong><\/a><\/p>\n<\/div>\n<p>\u00a0<\/p>\n<p><img decoding=\"async\" src=\"https:\/\/enricomarone.com\/wp-content\/uploads\/2019\/04\/enricomarone.png\" alt=\"\"\/>\n<\/p>\n<\/div>\n<div class=\"one_half last\"><\/div>\n<p><br class=\"clear\"\/><\/div>\n<\/div>\n<\/div>\n<\/div>\n<div  class=\"one withsmallpadding ppb_header \" style=\"text-align:left;padding:30px 0 30px 0;\" >\n<div class=\"standard_wrapper\">\n<div class=\"page_content_wrapper\">\n<div class=\"inner\">\n<div style=\"margin:auto;width:100%\">\n<h2 class=\"ppb_title\" style=\"\">FOTOGRAFIAS EM LIVROS<\/h2>\n<hr class=\"title_break left\" style=\"\"\/>\n<div class=\"ppb_header_content\">\n<\/div>\n<\/div>\n<\/div>\n<\/div>\n<\/div>\n<\/div>\n<div  class=\"one withsmallpadding ppb_text\" style=\"padding:30px 0 30px 0;\" >\n<div class=\"standard_wrapper\">\n<div class=\"page_content_wrapper\">\n<div class=\"inner\">\n<div style=\"margin:auto;width:100%\">\n<div class=\"one_half \" style=\"\">\n<strong>2018<\/strong><br \/>\n\u2022 Rio Capital Natural \u2013 Casa da Palavra\/Conserva\u00e7\u00e3o Internacional<\/p>\n<p><strong>2014<\/strong><br \/>\n\u2022 Mata Atl\u00e2ntica: uma Hist\u00f3ria do Futuro \u2013 Edi\u00e7\u00f5es de Janeiro\/Conserva\u00e7\u00e3o Internacional<br \/>\n<em>Primeiro lugar na Categoria Ci\u00eancias Naturais no Pr\u00eamio Jabuti 2015<\/em><br \/>\n\u2022 Corais \u2013 Paisagens Submersas \u2013 M4 Editions<\/p>\n<p><strong>2012<\/strong><br \/>\n\u2022 Biomas Brasileiros \u2013 Retratos de um Pa\u00eds Plural<br \/>\n<em>Pr\u00eamio Jabuti 2013 \u2013 Categoria Ci\u00eancias Naturais<\/em><br \/>\n\u2022 Mergulhando no Rio \u2013 100 Anos da Moda e Comportamento nas Praias do Rio<\/p>\n<p><strong>2010<\/strong><br \/>\n\u2022 Panorama da Conserva\u00e7\u00e3o dos Ecossistemas Costeiros e Marinhos no Brasil<br \/>\n\u2022 Brasil \u2013 Terra de Todas as Cores. Embratur\/Minist\u00e9rio do Turismo<\/p>\n<p><strong>2009<\/strong><br \/>\n\u2022 Corredores Ecol\u00f3gicos \u2013 Implementa\u00e7\u00e3o da Por\u00e7\u00e3o Marinha do Corredor Central da Mata Atl\u00e2ntica<br \/>\n\u2022 Estrat\u00e9gias e A\u00e7\u00f5es para a Conserva\u00e7\u00e3o da Biodiversidade no Estado do Rio de Janeiro<\/p>\n<p><strong>2008<\/strong><br \/>\n\u2022 Rio Al\u00e9m Rio\n<\/div>\n<div class=\"one_half last \" style=\"\">\n<strong>2007<\/strong><br \/>\n\u2022 Biodiversidade Marinha na Ba\u00eda da Ilha Grande \u2013 S\u00e9rie \u00c1reas Protegidas do Brasil \u2013 Minist\u00e9rio do Meio Ambiente<br \/>\n\u2022 \u00c1reas Aqu\u00e1ticas Protegidas como Instrumento de Gest\u00e3o Pesqueira \u2013 S\u00e9rie \u00c1reas Protegidas do Brasil \u2013 Minist\u00e9rio do Meio Ambiente<\/p>\n<p><strong>2005<\/strong><br \/>\n\u2022 Megadiversidade \u2013 Conserva\u00e7\u00e3o Internacional Brasil<\/p>\n<p><strong>2004<\/strong><br \/>\n\u2022 Atlas de Conserva\u00e7\u00e3o da Natureza Brasileira \u2013 Unidades Federais (Brazilian Nature Conservation Atlas Federal Areas) \u2013 Editora Matalivros<\/p>\n<p><strong>2003<\/strong><br \/>\n\u2022 Zona de Contato \u2013 O Homem,  O  Mar e o Continente \u2013 Editora Ouro SobreAzul<br \/>\n\u2022 Humanidade no Patrim\u00f4nio Natural do Brasil<\/p>\n<p><strong>2002<\/strong><br \/>\n\u2022 Avalia\u00e7\u00e3o e A\u00e7\u00f5es Priorit\u00e1rias para a Conserva\u00e7\u00e3o da Biodiversidade na Zona Costeira e Marinha \u2013 Minist\u00e9rio do Meio Ambiente<br \/>\n\u2022 Parques Nacionais do Brasil: Guia Philips<br \/>\n\u2022 Atlas dos Recifes de Corais do Brasil<\/p>\n<p><strong>2001<\/strong><br \/>\n\u2022 Conhecendo os Patrim\u00f4nios da Humanidade no Brasil \u2013 Editora Metalivros<br \/>\n\u2022 Litoral do Brasil \u2013 Editora Metalivros<br \/>\n\u2022 Megabiodiversidade Brasil \u2013 Editora Sextante<\/p>\n<p><strong>2000<\/strong><br \/>\n\u2022 Patrim\u00f4nios da Humanidade no Brasil \u2013 Editora Metalivros\n<\/div>\n<p><br class=\"clear\"\/><\/p>\n<\/div>\n<\/div>\n<\/div>\n<\/div>\n<\/div>\n","protected":false},"excerpt":{"rendered":"","protected":false},"author":1,"featured_media":8847,"parent":0,"menu_order":0,"comment_status":"closed","ping_status":"closed","template":"","meta":{"footnotes":""},"class_list":["post-9199","page","type-page","status-publish","has-post-thumbnail","hentry"],"_links":{"self":[{"href":"https:\/\/enricomarone.com\/pt-br\/wp-json\/wp\/v2\/pages\/9199","targetHints":{"allow":["GET"]}}],"collection":[{"href":"https:\/\/enricomarone.com\/pt-br\/wp-json\/wp\/v2\/pages"}],"about":[{"href":"https:\/\/enricomarone.com\/pt-br\/wp-json\/wp\/v2\/types\/page"}],"author":[{"embeddable":true,"href":"https:\/\/enricomarone.com\/pt-br\/wp-json\/wp\/v2\/users\/1"}],"replies":[{"embeddable":true,"href":"https:\/\/enricomarone.com\/pt-br\/wp-json\/wp\/v2\/comments?post=9199"}],"version-history":[{"count":9,"href":"https:\/\/enricomarone.com\/pt-br\/wp-json\/wp\/v2\/pages\/9199\/revisions"}],"predecessor-version":[{"id":9209,"href":"https:\/\/enricomarone.com\/pt-br\/wp-json\/wp\/v2\/pages\/9199\/revisions\/9209"}],"wp:featuredmedia":[{"embeddable":true,"href":"https:\/\/enricomarone.com\/pt-br\/wp-json\/wp\/v2\/media\/8847"}],"wp:attachment":[{"href":"https:\/\/enricomarone.com\/pt-br\/wp-json\/wp\/v2\/media?parent=9199"}],"curies":[{"name":"wp","href":"https:\/\/api.w.org\/{rel}","templated":true}]}}