{"id":9233,"date":"2019-06-08T00:14:12","date_gmt":"2019-06-08T03:14:12","guid":{"rendered":"https:\/\/enricomarone.com\/fine-art\/"},"modified":"2019-06-10T21:20:05","modified_gmt":"2019-06-11T00:20:05","slug":"fine-art","status":"publish","type":"page","link":"https:\/\/enricomarone.com\/pt-br\/fine-art\/","title":{"rendered":"Fine Art"},"content":{"rendered":"<div  class=\"one\" style=\"padding:0px 0 0px 0;\" >\n<div class=\"standard_wrapper\">\n<div class=\"page_content_wrapper\">\n<div class=\"inner\">\n<div class=\"one_half content_middle textright\">\n<h2 class=\"ppb_title\" style=\"\">FINE ART<\/h2>\n<hr class=\"title_break\">\n<div class=\"ppb_header_content\">\n<p>Impress\u00e3o Fine Art \u00e9 aquela que segue os padr\u00f5es de qualidade de reprodu\u00e7\u00e3o em fotografia, garantindo fidelidade aos originais e durabilidade museol\u00f3gica. Utilizando pap\u00e9is de algod\u00e3o (Hahnem\u00fchle-Canson), as fotografias podem ser impressas em bases mate e perolada ou ainda em metacrilato nos seguintes formatos: 40\u00d760 cm, 60\u00d790 cm e 80\u00d7120 cm.<\/p>\n<p>A tiragem das fotografias assinadas pelo autor \u00e9 limitada e acompanhada por um certificado de autenticidade.<\/p>\n<\/div>\n<div style=\"margin-top:10px\">\n<p style=\"font-weight: inherit; font-style: inherit;\"><a style=\"font-weight: inherit; font-style: inherit; color: #222222;\" href=\"https:\/\/enricomarone.com\/pt-br\/contact\/\"><strong>ENTRE EM CONTATO PARA ADQUIRIR UMA C\u00d3PIA<\/strong><\/a><\/p>\n<\/div>\n<p><img decoding=\"async\" src=\"https:\/\/enricomarone.com\/wp-content\/uploads\/2019\/04\/enricomarone.png\" alt=\"\"\/><\/div>\n<div class=\"one_half last\"><\/div>\n<p><br class=\"clear\"\/><\/div>\n<\/div>\n<\/div>\n<\/div>\n","protected":false},"excerpt":{"rendered":"","protected":false},"author":1,"featured_media":9093,"parent":0,"menu_order":0,"comment_status":"closed","ping_status":"closed","template":"","meta":{"footnotes":""},"class_list":["post-9233","page","type-page","status-publish","has-post-thumbnail","hentry"],"_links":{"self":[{"href":"https:\/\/enricomarone.com\/pt-br\/wp-json\/wp\/v2\/pages\/9233","targetHints":{"allow":["GET"]}}],"collection":[{"href":"https:\/\/enricomarone.com\/pt-br\/wp-json\/wp\/v2\/pages"}],"about":[{"href":"https:\/\/enricomarone.com\/pt-br\/wp-json\/wp\/v2\/types\/page"}],"author":[{"embeddable":true,"href":"https:\/\/enricomarone.com\/pt-br\/wp-json\/wp\/v2\/users\/1"}],"replies":[{"embeddable":true,"href":"https:\/\/enricomarone.com\/pt-br\/wp-json\/wp\/v2\/comments?post=9233"}],"version-history":[{"count":6,"href":"https:\/\/enricomarone.com\/pt-br\/wp-json\/wp\/v2\/pages\/9233\/revisions"}],"predecessor-version":[{"id":9284,"href":"https:\/\/enricomarone.com\/pt-br\/wp-json\/wp\/v2\/pages\/9233\/revisions\/9284"}],"wp:featuredmedia":[{"embeddable":true,"href":"https:\/\/enricomarone.com\/pt-br\/wp-json\/wp\/v2\/media\/9093"}],"wp:attachment":[{"href":"https:\/\/enricomarone.com\/pt-br\/wp-json\/wp\/v2\/media?parent=9233"}],"curies":[{"name":"wp","href":"https:\/\/api.w.org\/{rel}","templated":true}]}}